{"id":1784,"date":"2012-10-15T09:50:00","date_gmt":"2012-10-15T09:50:00","guid":{"rendered":"http:\/\/iutp.univ-poitiers.fr\/geap\/debouches\/tableau-recapitulatif-des-debouches-de-la-filiere-gea\/tableau-recapitulatif-des-debouches-de-la-filiere-gea\/"},"modified":"2019-11-26T12:20:46","modified_gmt":"2019-11-26T11:20:46","slug":"tableau-recapitulatif-des-debouches-de-la-filiere-gea","status":"publish","type":"page","link":"https:\/\/iutp.univ-poitiers.fr\/geap\/tableau-recapitulatif-des-debouches-de-la-filiere-gea\/","title":{"rendered":"Tableau r\u00e9capitulatif des d\u00e9bouch\u00e9s de la fili\u00e8re GEA"},"content":{"rendered":"","protected":false},"excerpt":{"rendered":"","protected":false},"author":5,"featured_media":0,"parent":0,"menu_order":0,"comment_status":"closed","ping_status":"closed","template":"","meta":{"_relevanssi_hide_post":"","_relevanssi_hide_content":"","_relevanssi_pin_for_all":"","_relevanssi_pin_keywords":"","_relevanssi_unpin_keywords":"","_relevanssi_related_keywords":"","_relevanssi_related_include_ids":"","_relevanssi_related_exclude_ids":"","_relevanssi_related_no_append":"","_relevanssi_related_not_related":"","_relevanssi_related_posts":"","_relevanssi_noindex_reason":""},"acf":[],"_links":{"self":[{"href":"https:\/\/iutp.univ-poitiers.fr\/geap\/wp-json\/wp\/v2\/pages\/1784"}],"collection":[{"href":"https:\/\/iutp.univ-poitiers.fr\/geap\/wp-json\/wp\/v2\/pages"}],"about":[{"href":"https:\/\/iutp.univ-poitiers.fr\/geap\/wp-json\/wp\/v2\/types\/page"}],"author":[{"embeddable":true,"href":"https:\/\/iutp.univ-poitiers.fr\/geap\/wp-json\/wp\/v2\/users\/5"}],"replies":[{"embeddable":true,"href":"https:\/\/iutp.univ-poitiers.fr\/geap\/wp-json\/wp\/v2\/comments?post=1784"}],"version-history":[{"count":1,"href":"https:\/\/iutp.univ-poitiers.fr\/geap\/wp-json\/wp\/v2\/pages\/1784\/revisions"}],"predecessor-version":[{"id":2084,"href":"https:\/\/iutp.univ-poitiers.fr\/geap\/wp-json\/wp\/v2\/pages\/1784\/revisions\/2084"}],"wp:attachment":[{"href":"https:\/\/iutp.univ-poitiers.fr\/geap\/wp-json\/wp\/v2\/media?parent=1784"}],"curies":[{"name":"wp","href":"https:\/\/api.w.org\/{rel}","templated":true}]}}