{"id":9,"date":"2018-09-26T12:31:03","date_gmt":"2018-09-26T10:31:03","guid":{"rendered":"http:\/\/wordpress-multi.appli.univ-poitiers.fr\/aaaa\/?page_id=9"},"modified":"2023-01-19T15:41:08","modified_gmt":"2023-01-19T14:41:08","slug":"accueil","status":"publish","type":"page","link":"https:\/\/iutp.univ-poitiers.fr\/mt2e\/","title":{"rendered":"MT2E-M\u00e9tiers de la Transition et de l&rsquo;Efficacit\u00e9 \u00c9nerg\u00e9tiques (Ancien GTE)"},"content":{"rendered":"","protected":false},"excerpt":{"rendered":"","protected":false},"author":5,"featured_media":0,"parent":0,"menu_order":0,"comment_status":"closed","ping_status":"closed","template":"","meta":{"_relevanssi_hide_post":"","_relevanssi_hide_content":"","_relevanssi_pin_for_all":"","_relevanssi_pin_keywords":"","_relevanssi_unpin_keywords":"","_relevanssi_related_keywords":"","_relevanssi_related_include_ids":"","_relevanssi_related_exclude_ids":"","_relevanssi_related_no_append":"","_relevanssi_related_not_related":"","_relevanssi_related_posts":"","_relevanssi_noindex_reason":""},"acf":[],"_links":{"self":[{"href":"https:\/\/iutp.univ-poitiers.fr\/mt2e\/wp-json\/wp\/v2\/pages\/9"}],"collection":[{"href":"https:\/\/iutp.univ-poitiers.fr\/mt2e\/wp-json\/wp\/v2\/pages"}],"about":[{"href":"https:\/\/iutp.univ-poitiers.fr\/mt2e\/wp-json\/wp\/v2\/types\/page"}],"author":[{"embeddable":true,"href":"https:\/\/iutp.univ-poitiers.fr\/mt2e\/wp-json\/wp\/v2\/users\/5"}],"replies":[{"embeddable":true,"href":"https:\/\/iutp.univ-poitiers.fr\/mt2e\/wp-json\/wp\/v2\/comments?post=9"}],"version-history":[{"count":4,"href":"https:\/\/iutp.univ-poitiers.fr\/mt2e\/wp-json\/wp\/v2\/pages\/9\/revisions"}],"predecessor-version":[{"id":7811,"href":"https:\/\/iutp.univ-poitiers.fr\/mt2e\/wp-json\/wp\/v2\/pages\/9\/revisions\/7811"}],"wp:attachment":[{"href":"https:\/\/iutp.univ-poitiers.fr\/mt2e\/wp-json\/wp\/v2\/media?parent=9"}],"curies":[{"name":"wp","href":"https:\/\/api.w.org\/{rel}","templated":true}]}}